{"id":522,"date":"2019-11-07T14:12:34","date_gmt":"2019-11-07T11:12:34","guid":{"rendered":"https:\/\/euconsult.md\/?page_id=522"},"modified":"2020-10-12T14:57:03","modified_gmt":"2020-10-12T11:57:03","slug":"examen-12","status":"publish","type":"page","link":"https:\/\/euconsult.md\/en\/examen-12\/","title":{"rendered":"Pomicultura examen"},"content":{"rendered":"<div class=\"wpforms-container wpforms-container-full\" id=\"wpforms-939\"><form id=\"wpforms-form-939\" class=\"wpforms-validate wpforms-form\" data-formid=\"939\" method=\"post\" enctype=\"multipart\/form-data\" action=\"\/en\/wp-json\/wp\/v2\/pages\/522\"><noscript class=\"wpforms-error-noscript\">Please enable JavaScript in your browser to complete this form.<\/noscript><div class=\"wpforms-field-container\"><div id=\"wpforms-939-field_13-container\" class=\"wpforms-field wpforms-field-radio\" data-field-id=\"13\"><label class=\"wpforms-field-label\" for=\"wpforms-939-field_13\">Elementele permanente ale coroanei pomilor sunt: <span class=\"wpforms-required-label\">*<\/span><\/label><ul id=\"wpforms-939-field_13\" class=\"wpforms-field-required\"><li class=\"choice-1 depth-1\"><input type=\"radio\" id=\"wpforms-939-field_13_1\" name=\"wpforms[fields][13]\" value=\"Mugurii, frunzele \u015fi florile \" required ><label class=\"wpforms-field-label-inline\" for=\"wpforms-939-field_13_1\">Mugurii, frunzele \u015fi florile <\/label><\/li><li class=\"choice-2 depth-1\"><input type=\"radio\" id=\"wpforms-939-field_13_2\" name=\"wpforms[fields][13]\" value=\"Ramurile de semischelet \u015fi rod\" required ><label class=\"wpforms-field-label-inline\" for=\"wpforms-939-field_13_2\">Ramurile de semischelet \u015fi rod<\/label><\/li><li class=\"choice-3 depth-1\"><input type=\"radio\" id=\"wpforms-939-field_13_3\" name=\"wpforms[fields][13]\" value=\"Axul, \u015farpantele \u015fi sub\u015farpantele \" required ><label class=\"wpforms-field-label-inline\" for=\"wpforms-939-field_13_3\">Axul, \u015farpantele \u015fi sub\u015farpantele <\/label><\/li><\/ul><\/div><div id=\"wpforms-939-field_14-container\" class=\"wpforms-field wpforms-field-radio\" data-field-id=\"14\"><label class=\"wpforms-field-label\" for=\"wpforms-939-field_14\">La m\u0103r, par, gutui \u015fi mosmon, fructul este: <span class=\"wpforms-required-label\">*<\/span><\/label><ul id=\"wpforms-939-field_14\" class=\"wpforms-field-required\"><li class=\"choice-1 depth-1\"><input type=\"radio\" id=\"wpforms-939-field_14_1\" name=\"wpforms[fields][14]\" value=\"o drup\u0103\" required ><label class=\"wpforms-field-label-inline\" for=\"wpforms-939-field_14_1\">o drup\u0103<\/label><\/li><li class=\"choice-2 depth-1\"><input type=\"radio\" id=\"wpforms-939-field_14_2\" name=\"wpforms[fields][14]\" value=\"o poam\u0103\" required ><label class=\"wpforms-field-label-inline\" for=\"wpforms-939-field_14_2\">o poam\u0103<\/label><\/li><li class=\"choice-3 depth-1\"><input type=\"radio\" id=\"wpforms-939-field_14_3\" name=\"wpforms[fields][14]\" value=\"o bac\u0103\" required ><label class=\"wpforms-field-label-inline\" for=\"wpforms-939-field_14_3\">o bac\u0103<\/label><\/li><\/ul><\/div><div id=\"wpforms-939-field_15-container\" class=\"wpforms-field wpforms-field-radio\" data-field-id=\"15\"><label class=\"wpforms-field-label\" for=\"wpforms-939-field_15\">Care sunt perioadele de v\u00e2rst\u0103 ale pomilor: <span class=\"wpforms-required-label\">*<\/span><\/label><ul id=\"wpforms-939-field_15\" class=\"wpforms-field-required\"><li class=\"choice-1 depth-1\"><input type=\"radio\" id=\"wpforms-939-field_15_1\" name=\"wpforms[fields][15]\" value=\"perioada juvenil\u0103, perioada de maxim\u0103 productie, perioada de declin \" required ><label class=\"wpforms-field-label-inline\" for=\"wpforms-939-field_15_1\">perioada juvenil\u0103, perioada de maxim\u0103 productie, perioada de declin <\/label><\/li><li class=\"choice-2 depth-1\"><input type=\"radio\" id=\"wpforms-939-field_15_2\" name=\"wpforms[fields][15]\" value=\"perioada de tinere\u0163e, perioada de maturitate \u015fi perioada de declin \" required ><label class=\"wpforms-field-label-inline\" for=\"wpforms-939-field_15_2\">perioada de tinere\u0163e, perioada de maturitate \u015fi perioada de declin <\/label><\/li><li class=\"choice-3 depth-1\"><input type=\"radio\" id=\"wpforms-939-field_15_3\" name=\"wpforms[fields][15]\" value=\"perioada de inceput a rodirii, perioada de diminuare a produc\u0163iei \u015fi alternanta de rodire \" required ><label class=\"wpforms-field-label-inline\" for=\"wpforms-939-field_15_3\">perioada de inceput a rodirii, perioada de diminuare a produc\u0163iei \u015fi alternanta de rodire <\/label><\/li><\/ul><\/div><div id=\"wpforms-939-field_16-container\" class=\"wpforms-field wpforms-field-radio\" data-field-id=\"16\"><label class=\"wpforms-field-label\" for=\"wpforms-939-field_16\">Care sunt elementele ce caracterizeaz\u0103 perioada de maturitate: <span class=\"wpforms-required-label\">*<\/span><\/label><ul id=\"wpforms-939-field_16\" class=\"wpforms-field-required\"><li class=\"choice-1 depth-1\"><input type=\"radio\" id=\"wpforms-939-field_16_1\" name=\"wpforms[fields][16]\" value=\"cresteri reduse, fructificare deficitar\u0103 atat sub aspectul calit\u0103\u0163ii c\u0103t si calit\u0103\u0163ii, \u00eenoire progresiv\u0103 \" required ><label class=\"wpforms-field-label-inline\" for=\"wpforms-939-field_16_1\">cresteri reduse, fructificare deficitar\u0103 atat sub aspectul calit\u0103\u0163ii c\u0103t si calit\u0103\u0163ii, \u00eenoire progresiv\u0103 <\/label><\/li><li class=\"choice-2 depth-1\"><input type=\"radio\" id=\"wpforms-939-field_16_2\" name=\"wpforms[fields][16]\" value=\"inexisten\u0163a rodirii, cre\u015fteri mari, coroane convergente, inexisten\u0163a entropiei \" required ><label class=\"wpforms-field-label-inline\" for=\"wpforms-939-field_16_2\">inexisten\u0163a rodirii, cre\u015fteri mari, coroane convergente, inexisten\u0163a entropiei <\/label><\/li><li class=\"choice-3 depth-1\"><input type=\"radio\" id=\"wpforms-939-field_16_3\" name=\"wpforms[fields][16]\" value=\"rodire, formarea in ritm accelerat a ramurilor de rod, diminuarea cresterilor \u015fi apari\u0163ia entropiei \" required ><label class=\"wpforms-field-label-inline\" for=\"wpforms-939-field_16_3\">rodire, formarea in ritm accelerat a ramurilor de rod, diminuarea cresterilor \u015fi apari\u0163ia entropiei <\/label><\/li><\/ul><\/div><div id=\"wpforms-939-field_17-container\" class=\"wpforms-field wpforms-field-radio\" data-field-id=\"17\"><label class=\"wpforms-field-label\" for=\"wpforms-939-field_17\">Cerin\u0163e reduse fa\u0163\u0103 de c\u0103ldur\u0103 au: <span class=\"wpforms-required-label\">*<\/span><\/label><ul id=\"wpforms-939-field_17\" class=\"wpforms-field-required\"><li class=\"choice-1 depth-1\"><input type=\"radio\" id=\"wpforms-939-field_17_1\" name=\"wpforms[fields][17]\" value=\"m\u0103rul, vi\u015finul, prunul, arbu\u015ftii fructiferi \" required ><label class=\"wpforms-field-label-inline\" for=\"wpforms-939-field_17_1\">m\u0103rul, vi\u015finul, prunul, arbu\u015ftii fructiferi <\/label><\/li><li class=\"choice-2 depth-1\"><input type=\"radio\" id=\"wpforms-939-field_17_2\" name=\"wpforms[fields][17]\" value=\"p\u0103rul, nucul, castanul, cire\u015ful, gutuiul \" required ><label class=\"wpforms-field-label-inline\" for=\"wpforms-939-field_17_2\">p\u0103rul, nucul, castanul, cire\u015ful, gutuiul <\/label><\/li><li class=\"choice-3 depth-1\"><input type=\"radio\" id=\"wpforms-939-field_17_3\" name=\"wpforms[fields][17]\" value=\"migdalul, smochinul \" required ><label class=\"wpforms-field-label-inline\" for=\"wpforms-939-field_17_3\">migdalul, smochinul <\/label><\/li><li class=\"choice-4 depth-1\"><input type=\"radio\" id=\"wpforms-939-field_17_4\" name=\"wpforms[fields][17]\" value=\"caisul, piersicul \" required ><label class=\"wpforms-field-label-inline\" for=\"wpforms-939-field_17_4\">caisul, piersicul <\/label><\/li><\/ul><\/div><div id=\"wpforms-939-field_18-container\" class=\"wpforms-field wpforms-field-radio\" data-field-id=\"18\"><label class=\"wpforms-field-label\" for=\"wpforms-939-field_18\">Altoirea in campul I al scolii de pomi se realizeaz\u0103 perioada: <span class=\"wpforms-required-label\">*<\/span><\/label><ul id=\"wpforms-939-field_18\" class=\"wpforms-field-required\"><li class=\"choice-1 depth-1\"><input type=\"radio\" id=\"wpforms-939-field_18_1\" name=\"wpforms[fields][18]\" value=\"martie \u2013 aprilie \" required ><label class=\"wpforms-field-label-inline\" for=\"wpforms-939-field_18_1\">martie \u2013 aprilie <\/label><\/li><li class=\"choice-2 depth-1\"><input type=\"radio\" id=\"wpforms-939-field_18_2\" name=\"wpforms[fields][18]\" value=\"octombrie - noiembrie \" required ><label class=\"wpforms-field-label-inline\" for=\"wpforms-939-field_18_2\">octombrie - noiembrie <\/label><\/li><li class=\"choice-3 depth-1\"><input type=\"radio\" id=\"wpforms-939-field_18_3\" name=\"wpforms[fields][18]\" value=\"iulie \u2013 septembrie \" required ><label class=\"wpforms-field-label-inline\" for=\"wpforms-939-field_18_3\">iulie \u2013 septembrie <\/label><\/li><li class=\"choice-4 depth-1\"><input type=\"radio\" id=\"wpforms-939-field_18_4\" name=\"wpforms[fields][18]\" value=\"ianuarie \u2013 februarie \" required ><label class=\"wpforms-field-label-inline\" for=\"wpforms-939-field_18_4\">ianuarie \u2013 februarie <\/label><\/li><\/ul><\/div><div id=\"wpforms-939-field_19-container\" class=\"wpforms-field wpforms-field-radio\" data-field-id=\"19\"><label class=\"wpforms-field-label\" for=\"wpforms-939-field_19\">Specii pomicole cu cerin\u0163e foarte mari fata de ap\u0103 au: <span class=\"wpforms-required-label\">*<\/span><\/label><ul id=\"wpforms-939-field_19\" class=\"wpforms-field-required\"><li class=\"choice-1 depth-1\"><input type=\"radio\" id=\"wpforms-939-field_19_1\" name=\"wpforms[fields][19]\" value=\"piersicul, caisul, migdalul \" required ><label class=\"wpforms-field-label-inline\" for=\"wpforms-939-field_19_1\">piersicul, caisul, migdalul <\/label><\/li><li class=\"choice-2 depth-1\"><input type=\"radio\" id=\"wpforms-939-field_19_2\" name=\"wpforms[fields][19]\" value=\"c\u0103p\u015funul \u015fi arbu\u015ftii fructiferi \" required ><label class=\"wpforms-field-label-inline\" for=\"wpforms-939-field_19_2\">c\u0103p\u015funul \u015fi arbu\u015ftii fructiferi <\/label><\/li><li class=\"choice-3 depth-1\"><input type=\"radio\" id=\"wpforms-939-field_19_3\" name=\"wpforms[fields][19]\" value=\"p\u0103rul, nucul, cire\u015ful, vi\u015finul \" required ><label class=\"wpforms-field-label-inline\" for=\"wpforms-939-field_19_3\">p\u0103rul, nucul, cire\u015ful, vi\u015finul <\/label><\/li><li class=\"choice-4 depth-1\"><input type=\"radio\" id=\"wpforms-939-field_19_4\" name=\"wpforms[fields][19]\" value=\"gutuiul, m\u0103rul, prunul \" required ><label class=\"wpforms-field-label-inline\" for=\"wpforms-939-field_19_4\">gutuiul, m\u0103rul, prunul <\/label><\/li><\/ul><\/div><\/div><div class=\"wpforms-field wpforms-field-hp\"><label for=\"wpforms-939-field-hp\" class=\"wpforms-field-label\">Name<\/label><input type=\"text\" name=\"wpforms[hp]\" id=\"wpforms-939-field-hp\" class=\"wpforms-field-medium\"><\/div><div class=\"wpforms-submit-container\" ><input type=\"hidden\" name=\"wpforms[id]\" value=\"939\"><input type=\"hidden\" name=\"wpforms[author]\" value=\"1\"><button type=\"submit\" name=\"wpforms[submit]\" class=\"wpforms-submit \" id=\"wpforms-submit-939\" value=\"wpforms-submit\" aria-live=\"assertive\" data-alt-text=\"Sending...\" data-submit-text=\"Submit\">Submit<\/button><\/div><\/form><\/div>  <!-- .wpforms-container -->\n","protected":false},"excerpt":{"rendered":"","protected":false},"author":1,"featured_media":0,"parent":0,"menu_order":0,"comment_status":"closed","ping_status":"closed","template":"page-examen.php","meta":{"om_disable_all_campaigns":false,"_monsterinsights_skip_tracking":false,"_monsterinsights_sitenote_active":false,"_monsterinsights_sitenote_note":"","_monsterinsights_sitenote_category":0,"_uf_show_specific_survey":0,"_uf_disable_surveys":false,"footnotes":""},"class_list":["post-522","page","type-page","status-publish","hentry"],"translation":{"provider":"WPGlobus","version":"3.0.0","language":"en","enabled_languages":["ro","ru","en"],"languages":{"ro":{"title":true,"content":true,"excerpt":false},"ru":{"title":true,"content":false,"excerpt":false},"en":{"title":true,"content":false,"excerpt":false}}},"aioseo_notices":[],"yoast_head":"<!-- This site is optimized with the Yoast SEO plugin v23.7 - https:\/\/yoast.com\/wordpress\/plugins\/seo\/ -->\n<title>Pomicultura examen - euconsult<\/title>\n<meta name=\"robots\" content=\"index, follow, max-snippet:-1, max-image-preview:large, max-video-preview:-1\" \/>\n<link rel=\"canonical\" href=\"https:\/\/euconsult.md\/ru\/examen-12\/\" \/>\n<meta property=\"og:locale\" content=\"en_US\" \/>\n<meta property=\"og:type\" content=\"article\" \/>\n<meta property=\"og:title\" content=\"Pomicultura examen - euconsult\" \/>\n<meta property=\"og:url\" content=\"https:\/\/euconsult.md\/ru\/examen-12\/\" \/>\n<meta property=\"og:site_name\" content=\"euconsult\" \/>\n<meta property=\"article:publisher\" content=\"https:\/\/www.facebook.com\/euconsult.md\/\" \/>\n<meta property=\"article:modified_time\" content=\"2020-10-12T11:57:03+00:00\" \/>\n<meta name=\"twitter:card\" content=\"summary_large_image\" \/>\n<script type=\"application\/ld+json\" class=\"yoast-schema-graph\">{\"@context\":\"https:\/\/schema.org\",\"@graph\":[{\"@type\":\"WebPage\",\"@id\":\"https:\/\/euconsult.md\/ru\/examen-12\/\",\"url\":\"https:\/\/euconsult.md\/ru\/examen-12\/\",\"name\":\"Pomicultura examen - euconsult\",\"isPartOf\":{\"@id\":\"https:\/\/euconsult.md\/en\/#website\"},\"datePublished\":\"2019-11-07T11:12:34+00:00\",\"dateModified\":\"2020-10-12T11:57:03+00:00\",\"description\":\"Pomicultura examen\",\"inLanguage\":\"en-US\",\"potentialAction\":[{\"@type\":\"ReadAction\",\"target\":[\"https:\/\/euconsult.md\/ru\/examen-12\/\"]}]},{\"@type\":\"WebSite\",\"@id\":\"https:\/\/euconsult.md\/en\/#website\",\"url\":\"https:\/\/euconsult.md\/en\/\",\"name\":\"euconsult\",\"description\":\"euconsult\",\"publisher\":{\"@id\":\"https:\/\/euconsult.md\/en\/#organization\"},\"potentialAction\":[{\"@type\":\"SearchAction\",\"target\":{\"@type\":\"EntryPoint\",\"urlTemplate\":\"https:\/\/euconsult.md\/en\/?s={search_term_string}\"},\"query-input\":{\"@type\":\"PropertyValueSpecification\",\"valueRequired\":true,\"valueName\":\"search_term_string\"}}],\"inLanguage\":\"en-US\"},{\"@type\":\"Organization\",\"@id\":\"https:\/\/euconsult.md\/en\/#organization\",\"name\":\"euconsult\",\"url\":\"https:\/\/euconsult.md\/en\/\",\"logo\":{\"@type\":\"ImageObject\",\"inLanguage\":\"en-US\",\"@id\":\"https:\/\/euconsult.md\/en\/#\/schema\/logo\/image\/\",\"url\":\"https:\/\/euconsult.md\/wp-content\/uploads\/2019\/11\/euconsult.png\",\"contentUrl\":\"https:\/\/euconsult.md\/wp-content\/uploads\/2019\/11\/euconsult.png\",\"width\":280,\"height\":89,\"caption\":\"euconsult\"},\"image\":{\"@id\":\"https:\/\/euconsult.md\/en\/#\/schema\/logo\/image\/\"},\"sameAs\":[\"https:\/\/www.facebook.com\/euconsult.md\/\"]}]}<\/script>\n<!-- \/ Yoast SEO plugin. -->","yoast_head_json":{"title":"Pomicultura examen - euconsult","robots":{"index":"index","follow":"follow","max-snippet":"max-snippet:-1","max-image-preview":"max-image-preview:large","max-video-preview":"max-video-preview:-1"},"canonical":"https:\/\/euconsult.md\/ru\/examen-12\/","og_locale":"en_US","og_type":"article","og_title":"Pomicultura examen - euconsult","og_url":"https:\/\/euconsult.md\/ru\/examen-12\/","og_site_name":"euconsult","article_publisher":"https:\/\/www.facebook.com\/euconsult.md\/","article_modified_time":"2020-10-12T11:57:03+00:00","twitter_card":"summary_large_image","schema":{"@context":"https:\/\/schema.org","@graph":[{"@type":"WebPage","@id":"https:\/\/euconsult.md\/ru\/examen-12\/","url":"https:\/\/euconsult.md\/ru\/examen-12\/","name":"Pomicultura examen - euconsult","isPartOf":{"@id":"https:\/\/euconsult.md\/en\/#website"},"datePublished":"2019-11-07T11:12:34+00:00","dateModified":"2020-10-12T11:57:03+00:00","description":"Pomicultura examen","inLanguage":"en-US","potentialAction":[{"@type":"ReadAction","target":["https:\/\/euconsult.md\/ru\/examen-12\/"]}]},{"@type":"WebSite","@id":"https:\/\/euconsult.md\/en\/#website","url":"https:\/\/euconsult.md\/en\/","name":"euconsult","description":"euconsult","publisher":{"@id":"https:\/\/euconsult.md\/en\/#organization"},"potentialAction":[{"@type":"SearchAction","target":{"@type":"EntryPoint","urlTemplate":"https:\/\/euconsult.md\/en\/?s={search_term_string}"},"query-input":{"@type":"PropertyValueSpecification","valueRequired":true,"valueName":"search_term_string"}}],"inLanguage":"en-US"},{"@type":"Organization","@id":"https:\/\/euconsult.md\/en\/#organization","name":"euconsult","url":"https:\/\/euconsult.md\/en\/","logo":{"@type":"ImageObject","inLanguage":"en-US","@id":"https:\/\/euconsult.md\/en\/#\/schema\/logo\/image\/","url":"https:\/\/euconsult.md\/wp-content\/uploads\/2019\/11\/euconsult.png","contentUrl":"https:\/\/euconsult.md\/wp-content\/uploads\/2019\/11\/euconsult.png","width":280,"height":89,"caption":"euconsult"},"image":{"@id":"https:\/\/euconsult.md\/en\/#\/schema\/logo\/image\/"},"sameAs":["https:\/\/www.facebook.com\/euconsult.md\/"]}]}},"_links":{"self":[{"href":"https:\/\/euconsult.md\/en\/wp-json\/wp\/v2\/pages\/522"}],"collection":[{"href":"https:\/\/euconsult.md\/en\/wp-json\/wp\/v2\/pages"}],"about":[{"href":"https:\/\/euconsult.md\/en\/wp-json\/wp\/v2\/types\/page"}],"author":[{"embeddable":true,"href":"https:\/\/euconsult.md\/en\/wp-json\/wp\/v2\/users\/1"}],"replies":[{"embeddable":true,"href":"https:\/\/euconsult.md\/en\/wp-json\/wp\/v2\/comments?post=522"}],"version-history":[{"count":3,"href":"https:\/\/euconsult.md\/en\/wp-json\/wp\/v2\/pages\/522\/revisions"}],"predecessor-version":[{"id":946,"href":"https:\/\/euconsult.md\/en\/wp-json\/wp\/v2\/pages\/522\/revisions\/946"}],"wp:attachment":[{"href":"https:\/\/euconsult.md\/en\/wp-json\/wp\/v2\/media?parent=522"}],"curies":[{"name":"wp","href":"https:\/\/api.w.org\/{rel}","templated":true}]}}