{"id":2,"date":"2019-09-04T17:32:10","date_gmt":"2019-09-04T14:32:10","guid":{"rendered":"https:\/\/euconsult.md\/?page_id=2"},"modified":"2020-01-02T18:38:27","modified_gmt":"2020-01-02T15:38:27","slug":"sample-page","status":"publish","type":"page","link":"https:\/\/euconsult.md\/ru\/","title":{"rendered":"\u0413\u043b\u0430\u0432\u043d\u0430\u044f"},"content":{"rendered":"<p><strong>Dezvolta o afacere pe bani Europeni<\/strong>! (Granturi, Credite, Subventii, Finantari nerambursabile)<\/p>\n<p>Oferim asisten\u021b\u0103 complet\u0103 \u00een accesarea fondurilor europene destinate ini\u021bierii sau dezvolt\u0103rii afacerii, at\u00eet pe teritoriul Republicii Moldova c\u00eet \u0219i pe teritoriul Rom\u00e2niei.<\/p>\n<p>\u200b<a href=\"https:\/\/euconsult.md\/\">EU CONSULT<\/a> ofer\u0103 monitorizare, consultan\u021b\u0103 \u0219i asisten\u021b\u0103 \u00een accesarea de fonduri europene (granturi\/subven\u021bii) destinate celor care vor s\u0103 ini\u021bieze o afacere sau s\u0103 o dezvolte. Suntem o echip\u0103 de speciali\u0219ti din diferite domenii: finan\u021be, management, marketing, contabilitate, juridic\u0103. Lucr\u0103m profesionist pentru tine\/pentru afacerea ta, ca s\u0103 ob\u021binem rezultate pozitive cu solu\u021bii originale.<\/p>\n<p><strong><a href=\"https:\/\/euconsult.md\/despre-noi\/\">EU CONSULT<\/a> este Echipa care te ajut\u0103 s\u0103 ini\u021biezi sau s\u0103 dezvol\u021bi o afacere din fonduri europene cu minim aport propriu. Cu ajutorul nostru vei fi la curent cu toate finan\u021b\u0103rile existente pentru afacerea ta, at\u00e2t \u00een Republica Moldova c\u00e2t \u0219i Rom\u00e2nia.<\/strong><\/p>\n<p>Te vom consulta la orice etap\u0103 de implimentare a proiectului. Ac\u021bion\u0103m rapid \u0219i cu solu\u021bii originale pentru a ob\u021bine doar rezultate pozitive. Clientul este imaginea noastr\u0103 \u00een societate, iat\u0103 de ce afacerile ghidate de echipa <a href=\"https:\/\/euconsult.md\/despre-noi\/\">EU CONSULT<\/a> sunt de succes \u0219i se dezvolt\u0103 intens.<\/p>\n<p>In tot procesul de accesare a fondurilor nerambursabile (granturi, subventii, credite, finantari) ve\u021bi sim\u021bi un sprijin din partea echipei de speciali\u0219ti din diferite domenii: finan\u021be, contabilitate, juridic, marketing, management.<\/p>\n<p><span style=\"text-decoration: underline;\">\u200bAvantajele colabor\u0103rii cu EU Consult:<\/span><\/p>\n<ul>\n<li><strong>Solu\u021bii originale<\/strong> \u2013 fiecare client este consultat individual, conform necesit\u0103\u021bilor sale, \u021bin\u00e2nd cont de fiecare detaliu care ar putea aduce beneficii afacerii<\/li>\n<li><strong>Profesionalism<\/strong> \u2013 suntem o echip\u0103 de speciali\u0219ti din diferite domenii (finan\u021be, contabilitate, juridic, marketing, management) cu o experien\u021b\u0103 bogat\u0103 \u00een consultan\u021b\u0103 de afaceri<\/li>\n<li><strong>Rezultate pozitive<\/strong> \u2013 ne concentr\u0103m tot profesionalismul nostru pentru a ob\u021bine maximum beneficii, at\u00e2t financiare c\u00e2t \u0219i materiale, pentru clien\u021bii no\u0219tri<\/li>\n<li><strong>Rapiditate \u00een deservire<\/strong> \u2013 suntem mereu la leg\u0103tur\u0103 cu clien\u021bii no\u0219tri, \u00eei ghid\u0103m corect, alegem cele mai scurte c\u0103i pentru a ob\u021bine rezultatul a\u0219teptat<\/li>\n<li><strong>Avocatul afacerii tale<\/strong> \u2013 al\u0103turi de speciali\u0219tii no\u0219tri nu te mai sim\u021bi singur \u00een fa\u021ba birocra\u021biei, ac\u021bionezi \u00eencrezut, corect \u0219i la timp.<\/li>\n<\/ul>\n<p>Colabor\u00e2nd cu noi ave\u021bi garan\u021bia c\u0103 proiectul Dvs. va avea un rezultat pozitiv \u0219i ve\u021bi \u00eencepe cu dreptul activitatea Dvs. \u00een domeniul selectat.<\/p>\n<p>&nbsp;<\/p>\n","protected":false},"excerpt":{"rendered":"<p>Dezvolta o afacere pe bani Europeni! (Granturi, Credite, Subventii, Finantari nerambursabile) Oferim asisten\u021b\u0103 complet\u0103 \u00een accesarea fondurilor europene destinate ini\u021bierii sau dezvolt\u0103rii afacerii, at\u00eet pe teritoriul Republicii Moldova c\u00eet \u0219i pe teritoriul Rom\u00e2niei. \u200bEU CONSULT ofer\u0103 monitorizare, consultan\u021b\u0103 \u0219i asisten\u021b\u0103 \u00een accesarea de fonduri europene (granturi\/subven\u021bii) destinate celor care vor s\u0103 ini\u021bieze o afacere sau [&hellip;]<\/p>\n","protected":false},"author":6,"featured_media":0,"parent":0,"menu_order":0,"comment_status":"closed","ping_status":"closed","template":"","meta":{"om_disable_all_campaigns":false,"_monsterinsights_skip_tracking":false,"_monsterinsights_sitenote_active":false,"_monsterinsights_sitenote_note":"","_monsterinsights_sitenote_category":0,"_uf_show_specific_survey":0,"_uf_disable_surveys":false,"footnotes":""},"class_list":["post-2","page","type-page","status-publish","hentry"],"translation":{"provider":"WPGlobus","version":"3.0.0","language":"ru","enabled_languages":["ro","ru","en"],"languages":{"ro":{"title":true,"content":true,"excerpt":false},"ru":{"title":true,"content":false,"excerpt":false},"en":{"title":true,"content":false,"excerpt":false}}},"aioseo_notices":[],"yoast_head":"<!-- This site is optimized with the Yoast SEO plugin v23.7 - https:\/\/yoast.com\/wordpress\/plugins\/seo\/ -->\n<title>EuConsult | Dezvolta o afacere pe bani Europeni! (Granturi, Subventii)<\/title>\n<meta name=\"robots\" content=\"index, follow, max-snippet:-1, max-image-preview:large, max-video-preview:-1\" \/>\n<link rel=\"canonical\" href=\"https:\/\/euconsult.md\/\" \/>\n<meta property=\"og:locale\" content=\"ru_RU\" \/>\n<meta property=\"og:type\" content=\"article\" \/>\n<meta property=\"og:title\" content=\"\u0413\u043b\u0430\u0432\u043d\u0430\u044f - euconsult\" \/>\n<meta property=\"og:url\" content=\"https:\/\/euconsult.md\/\" \/>\n<meta property=\"og:site_name\" content=\"euconsult\" \/>\n<meta property=\"article:publisher\" content=\"https:\/\/www.facebook.com\/euconsult.md\/\" \/>\n<meta property=\"article:modified_time\" content=\"2020-01-02T15:38:27+00:00\" \/>\n<meta name=\"twitter:card\" content=\"summary_large_image\" \/>\n<meta name=\"twitter:label1\" content=\"\u041f\u0440\u0438\u043c\u0435\u0440\u043d\u043e\u0435 \u0432\u0440\u0435\u043c\u044f \u0434\u043b\u044f \u0447\u0442\u0435\u043d\u0438\u044f\" \/>\n\t<meta name=\"twitter:data1\" content=\"2 \u043c\u0438\u043d\u0443\u0442\u044b\" \/>\n<script type=\"application\/ld+json\" class=\"yoast-schema-graph\">{\"@context\":\"https:\/\/schema.org\",\"@graph\":[{\"@type\":\"WebPage\",\"@id\":\"https:\/\/euconsult.md\/\",\"url\":\"https:\/\/euconsult.md\/\",\"name\":\"EuConsult | Dezvolta o afacere pe bani Europeni! (Granturi, Subventii)\",\"isPartOf\":{\"@id\":\"https:\/\/euconsult.md\/en\/#website\"},\"datePublished\":\"2019-09-04T14:32:10+00:00\",\"dateModified\":\"2020-01-02T15:38:27+00:00\",\"description\":\"Granturi, Subventii, Credite, Finantari nerambursabile pentru initierea si dezvoltarea unei afaceri in domeniul agricultura, producere, servicii.\",\"inLanguage\":\"ru-RU\",\"potentialAction\":[{\"@type\":\"ReadAction\",\"target\":[\"https:\/\/euconsult.md\/\"]}]},{\"@type\":\"WebSite\",\"@id\":\"https:\/\/euconsult.md\/en\/#website\",\"url\":\"https:\/\/euconsult.md\/en\/\",\"name\":\"euconsult\",\"description\":\"euconsult\",\"publisher\":{\"@id\":\"https:\/\/euconsult.md\/en\/#organization\"},\"potentialAction\":[{\"@type\":\"SearchAction\",\"target\":{\"@type\":\"EntryPoint\",\"urlTemplate\":\"https:\/\/euconsult.md\/en\/?s={search_term_string}\"},\"query-input\":{\"@type\":\"PropertyValueSpecification\",\"valueRequired\":true,\"valueName\":\"search_term_string\"}}],\"inLanguage\":\"ru-RU\"},{\"@type\":\"Organization\",\"@id\":\"https:\/\/euconsult.md\/en\/#organization\",\"name\":\"euconsult\",\"url\":\"https:\/\/euconsult.md\/en\/\",\"logo\":{\"@type\":\"ImageObject\",\"inLanguage\":\"ru-RU\",\"@id\":\"https:\/\/euconsult.md\/en\/#\/schema\/logo\/image\/\",\"url\":\"https:\/\/euconsult.md\/wp-content\/uploads\/2019\/11\/euconsult.png\",\"contentUrl\":\"https:\/\/euconsult.md\/wp-content\/uploads\/2019\/11\/euconsult.png\",\"width\":280,\"height\":89,\"caption\":\"euconsult\"},\"image\":{\"@id\":\"https:\/\/euconsult.md\/en\/#\/schema\/logo\/image\/\"},\"sameAs\":[\"https:\/\/www.facebook.com\/euconsult.md\/\"]}]}<\/script>\n<!-- \/ Yoast SEO plugin. -->","yoast_head_json":{"title":"EuConsult | Dezvolta o afacere pe bani Europeni! (Granturi, Subventii)","robots":{"index":"index","follow":"follow","max-snippet":"max-snippet:-1","max-image-preview":"max-image-preview:large","max-video-preview":"max-video-preview:-1"},"canonical":"https:\/\/euconsult.md\/","og_locale":"ru_RU","og_type":"article","og_title":"\u0413\u043b\u0430\u0432\u043d\u0430\u044f - euconsult","og_url":"https:\/\/euconsult.md\/","og_site_name":"euconsult","article_publisher":"https:\/\/www.facebook.com\/euconsult.md\/","article_modified_time":"2020-01-02T15:38:27+00:00","twitter_card":"summary_large_image","twitter_misc":{"\u041f\u0440\u0438\u043c\u0435\u0440\u043d\u043e\u0435 \u0432\u0440\u0435\u043c\u044f \u0434\u043b\u044f \u0447\u0442\u0435\u043d\u0438\u044f":"2 \u043c\u0438\u043d\u0443\u0442\u044b"},"schema":{"@context":"https:\/\/schema.org","@graph":[{"@type":"WebPage","@id":"https:\/\/euconsult.md\/","url":"https:\/\/euconsult.md\/","name":"EuConsult | Dezvolta o afacere pe bani Europeni! (Granturi, Subventii)","isPartOf":{"@id":"https:\/\/euconsult.md\/en\/#website"},"datePublished":"2019-09-04T14:32:10+00:00","dateModified":"2020-01-02T15:38:27+00:00","description":"Granturi, Subventii, Credite, Finantari nerambursabile pentru initierea si dezvoltarea unei afaceri in domeniul agricultura, producere, servicii.","inLanguage":"ru-RU","potentialAction":[{"@type":"ReadAction","target":["https:\/\/euconsult.md\/"]}]},{"@type":"WebSite","@id":"https:\/\/euconsult.md\/en\/#website","url":"https:\/\/euconsult.md\/en\/","name":"euconsult","description":"euconsult","publisher":{"@id":"https:\/\/euconsult.md\/en\/#organization"},"potentialAction":[{"@type":"SearchAction","target":{"@type":"EntryPoint","urlTemplate":"https:\/\/euconsult.md\/en\/?s={search_term_string}"},"query-input":{"@type":"PropertyValueSpecification","valueRequired":true,"valueName":"search_term_string"}}],"inLanguage":"ru-RU"},{"@type":"Organization","@id":"https:\/\/euconsult.md\/en\/#organization","name":"euconsult","url":"https:\/\/euconsult.md\/en\/","logo":{"@type":"ImageObject","inLanguage":"ru-RU","@id":"https:\/\/euconsult.md\/en\/#\/schema\/logo\/image\/","url":"https:\/\/euconsult.md\/wp-content\/uploads\/2019\/11\/euconsult.png","contentUrl":"https:\/\/euconsult.md\/wp-content\/uploads\/2019\/11\/euconsult.png","width":280,"height":89,"caption":"euconsult"},"image":{"@id":"https:\/\/euconsult.md\/en\/#\/schema\/logo\/image\/"},"sameAs":["https:\/\/www.facebook.com\/euconsult.md\/"]}]}},"_links":{"self":[{"href":"https:\/\/euconsult.md\/ru\/wp-json\/wp\/v2\/pages\/2"}],"collection":[{"href":"https:\/\/euconsult.md\/ru\/wp-json\/wp\/v2\/pages"}],"about":[{"href":"https:\/\/euconsult.md\/ru\/wp-json\/wp\/v2\/types\/page"}],"author":[{"embeddable":true,"href":"https:\/\/euconsult.md\/ru\/wp-json\/wp\/v2\/users\/6"}],"replies":[{"embeddable":true,"href":"https:\/\/euconsult.md\/ru\/wp-json\/wp\/v2\/comments?post=2"}],"version-history":[{"count":3,"href":"https:\/\/euconsult.md\/ru\/wp-json\/wp\/v2\/pages\/2\/revisions"}],"predecessor-version":[{"id":705,"href":"https:\/\/euconsult.md\/ru\/wp-json\/wp\/v2\/pages\/2\/revisions\/705"}],"wp:attachment":[{"href":"https:\/\/euconsult.md\/ru\/wp-json\/wp\/v2\/media?parent=2"}],"curies":[{"name":"wp","href":"https:\/\/api.w.org\/{rel}","templated":true}]}}